{"id":486,"date":"2024-04-20T05:23:05","date_gmt":"2024-04-20T05:23:05","guid":{"rendered":"http:\/\/dourovineyard.com\/?post_type=product&#038;p=486"},"modified":"2025-08-25T15:34:07","modified_gmt":"2025-08-25T15:34:07","slug":"premium-tour","status":"publish","type":"product","link":"https:\/\/dourovineyard.com\/pt\/produto\/premium-tour\/","title":{"rendered":"Tour Premium"},"content":{"rendered":"<div data-elementor-type=\"product-post\" data-elementor-id=\"486\" class=\"elementor elementor-486\" data-elementor-post-type=\"product\">\n\t\t\t\t<div class=\"elementor-element elementor-element-41e0f2d1 e-flex e-con-boxed e-con e-parent\" data-id=\"41e0f2d1\" data-element_type=\"container\" data-e-type=\"container\">\n\t\t\t\t\t<div class=\"e-con-inner\">\n\t\t\t\t<div class=\"elementor-element elementor-element-25640aaa elementor-widget elementor-widget-text-editor\" data-id=\"25640aaa\" data-element_type=\"widget\" data-e-type=\"widget\" data-widget_type=\"text-editor.default\">\n\t\t\t\t<div class=\"elementor-widget-container\">\n\t\t\t\t\t\t\t\t\t<p data-start=\"277\" data-end=\"427\"><strong>You are paying only 10% of the total tour price now. The remaining amount will be paid in person on the day of the tour.<\/strong><\/p><p>Indulge in the epitome of luxury with our premium Douro River tour.<\/p><p>Cruise the picturesque Douro waters on your exclusive and private boat trip, basking in the beauty of the vineyard-laden landscape, with some old port wine and fine snacks of the region.<\/p><p>Relish a sumptuous, gourmet lunch for the ultimate gastronomical experience with exquisite wines at a scenic vineyard, immersing yourself in the region&#8217;s culinary delights.<\/p><p>Conclude with an unforgettable old and renowned port wine tasting experience, sampling the finest selections in a refined setting.<\/p><table id=\"customers\" class=\"ws-table-all\" style=\"height: 261px;\" width=\"645\"><tbody><tr><td>08:30<\/td><td>RECOLHA<\/td><\/tr><tr><td>10:00<\/td><td>Miradouro Especial<\/td><\/tr><tr><td>10:30<\/td><td>PASSEIO DE BARCO PRIVADO COM VINHOS SELECIONADOS<\/td><\/tr><tr><td>12:00<\/td><td>ALMO\u00c7O DE EXPERI\u00caNCIA ENOGASTRON\u00d3MICA<\/td><\/tr><tr><td>14:00<\/td><td>VISITA A UMA ADEGA DE VINHOS PRESTIGIADA<\/td><\/tr><tr><td>14:30<\/td><td>DEGUSTA\u00c7\u00d5ES DOS MAIS FINOS VINHOS DO PORTO<\/td><\/tr><tr><td>16:00<\/td><td>REGRESSO AO PORTO<\/td><\/tr><tr><td>17:30<\/td><td>FIM<\/td><\/tr><\/tbody><\/table>\t\t\t\t\t\t\t\t<\/div>\n\t\t\t\t<\/div>\n\t\t\t\t\t<\/div>\n\t\t\t\t<\/div>\n\t\t<div class=\"elementor-element elementor-element-f7ae02a e-flex e-con-boxed e-con e-parent\" data-id=\"f7ae02a\" data-element_type=\"container\" data-e-type=\"container\">\n\t\t\t\t\t<div class=\"e-con-inner\">\n\t\t\t\t<div class=\"elementor-element elementor-element-d58c7f8 elementor-skin-carousel elementor-arrows-yes elementor-pagination-type-bullets elementor-pagination-position-outside elementor-widget elementor-widget-media-carousel\" data-id=\"d58c7f8\" data-element_type=\"widget\" data-e-type=\"widget\" data-settings=\"{&quot;slides_per_view&quot;:&quot;1&quot;,&quot;skin&quot;:&quot;carousel&quot;,&quot;effect&quot;:&quot;slide&quot;,&quot;show_arrows&quot;:&quot;yes&quot;,&quot;pagination&quot;:&quot;bullets&quot;,&quot;speed&quot;:500,&quot;autoplay&quot;:&quot;yes&quot;,&quot;autoplay_speed&quot;:5000,&quot;loop&quot;:&quot;yes&quot;,&quot;pause_on_hover&quot;:&quot;yes&quot;,&quot;pause_on_interaction&quot;:&quot;yes&quot;,&quot;space_between&quot;:{&quot;unit&quot;:&quot;px&quot;,&quot;size&quot;:10,&quot;sizes&quot;:[]},&quot;space_between_tablet&quot;:{&quot;unit&quot;:&quot;px&quot;,&quot;size&quot;:10,&quot;sizes&quot;:[]},&quot;space_between_mobile&quot;:{&quot;unit&quot;:&quot;px&quot;,&quot;size&quot;:10,&quot;sizes&quot;:[]}}\" data-widget_type=\"media-carousel.default\">\n\t\t\t\t<div class=\"elementor-widget-container\">\n\t\t\t\t\t\t\t\t\t<div class=\"elementor-swiper\">\n\t\t\t\t\t<div class=\"elementor-main-swiper swiper\" role=\"region\" aria-roledescription=\"carousel\" aria-label=\"Slides\">\n\t\t\t\t<div class=\"swiper-wrapper\">\n\t\t\t\t\t\t\t\t\t\t\t<div class=\"swiper-slide\" role=\"group\" aria-roledescription=\"slide\">\n\t\t\t\t\t\t\t\t\t<div class=\"elementor-carousel-image\" role=\"img\" aria-label=\"image00010\" style=\"background-image: url(&#039;https:\/\/dourovineyard.com\/wp-content\/uploads\/2024\/12\/image00010.jpeg&#039;)\">\n\n\t\t\t\n\t\t\t\t\t<\/div>\n\t\t\t\t\t\t\t\t<\/div>\n\t\t\t\t\t\t\t\t\t\t\t<div class=\"swiper-slide\" role=\"group\" aria-roledescription=\"slide\">\n\t\t\t\t\t\t\t\t\t<div class=\"elementor-carousel-image\" role=\"img\" aria-label=\"\" style=\"background-image: url(&#039;https:\/\/dourovineyard.com\/wp-content\/uploads\/2024\/12\/9.jpg&#039;)\">\n\n\t\t\t\n\t\t\t\t\t<\/div>\n\t\t\t\t\t\t\t\t<\/div>\n\t\t\t\t\t\t\t\t\t\t\t<div class=\"swiper-slide\" role=\"group\" aria-roledescription=\"slide\">\n\t\t\t\t\t\t\t\t\t<div class=\"elementor-carousel-image\" role=\"img\" aria-label=\"\" style=\"background-image: url(&#039;https:\/\/dourovineyard.com\/wp-content\/uploads\/2024\/12\/8.jpg&#039;)\">\n\n\t\t\t\n\t\t\t\t\t<\/div>\n\t\t\t\t\t\t\t\t<\/div>\n\t\t\t\t\t\t\t\t\t\t\t<div class=\"swiper-slide\" role=\"group\" aria-roledescription=\"slide\">\n\t\t\t\t\t\t\t\t\t<div class=\"elementor-carousel-image\" role=\"img\" aria-label=\"\" style=\"background-image: url(&#039;https:\/\/dourovineyard.com\/wp-content\/uploads\/2024\/12\/6.jpg&#039;)\">\n\n\t\t\t\n\t\t\t\t\t<\/div>\n\t\t\t\t\t\t\t\t<\/div>\n\t\t\t\t\t\t\t\t\t\t\t<div class=\"swiper-slide\" role=\"group\" aria-roledescription=\"slide\">\n\t\t\t\t\t\t\t\t\t<div class=\"elementor-carousel-image\" role=\"img\" aria-label=\"Douro Vineyard\" style=\"background-image: url(&#039;https:\/\/dourovineyard.com\/wp-content\/uploads\/2024\/12\/Douro-Vineyard-1.jpeg&#039;)\">\n\n\t\t\t\n\t\t\t\t\t<\/div>\n\t\t\t\t\t\t\t\t<\/div>\n\t\t\t\t\t\t\t\t\t\t\t<div class=\"swiper-slide\" role=\"group\" aria-roledescription=\"slide\">\n\t\t\t\t\t\t\t\t\t<div class=\"elementor-carousel-image\" role=\"img\" aria-label=\"Design sem nome (7)\" style=\"background-image: url(&#039;https:\/\/dourovineyard.com\/wp-content\/uploads\/2024\/12\/Design-sem-nome-7.jpg&#039;)\">\n\n\t\t\t\n\t\t\t\t\t<\/div>\n\t\t\t\t\t\t\t\t<\/div>\n\t\t\t\t\t\t\t\t\t\t\t<div class=\"swiper-slide\" role=\"group\" aria-roledescription=\"slide\">\n\t\t\t\t\t\t\t\t\t<div class=\"elementor-carousel-image\" role=\"img\" aria-label=\"image00004\" style=\"background-image: url(&#039;https:\/\/dourovineyard.com\/wp-content\/uploads\/2024\/12\/image00004.jpeg&#039;)\">\n\n\t\t\t\n\t\t\t\t\t<\/div>\n\t\t\t\t\t\t\t\t<\/div>\n\t\t\t\t\t\t\t\t\t\t\t<div class=\"swiper-slide\" role=\"group\" aria-roledescription=\"slide\">\n\t\t\t\t\t\t\t\t\t<div class=\"elementor-carousel-image\" role=\"img\" aria-label=\"\" style=\"background-image: url(&#039;https:\/\/dourovineyard.com\/wp-content\/uploads\/2024\/04\/2-e1736963599937.png&#039;)\">\n\n\t\t\t\n\t\t\t\t\t<\/div>\n\t\t\t\t\t\t\t\t<\/div>\n\t\t\t\t\t\t\t\t\t<\/div>\n\t\t\t\t\t\t\t\t\t\t\t\t\t\t\t<div class=\"elementor-swiper-button elementor-swiper-button-prev\" role=\"button\" tabindex=\"0\" aria-label=\"Anterior\">\n\t\t\t\t\t\t\t<svg aria-hidden=\"true\" class=\"e-font-icon-svg e-eicon-chevron-left\" viewbox=\"0 0 1000 1000\" xmlns=\"http:\/\/www.w3.org\/2000\/svg\"><path d=\"M646 125C629 125 613 133 604 142L308 442C296 454 292 471 292 487 292 504 296 521 308 533L604 854C617 867 629 875 646 875 663 875 679 871 692 858 704 846 713 829 713 812 713 796 708 779 692 767L438 487 692 225C700 217 708 204 708 187 708 171 704 154 692 142 675 129 663 125 646 125Z\"><\/path><\/svg>\t\t\t\t\t\t<\/div>\n\t\t\t\t\t\t<div class=\"elementor-swiper-button elementor-swiper-button-next\" role=\"button\" tabindex=\"0\" aria-label=\"Next\">\n\t\t\t\t\t\t\t<svg aria-hidden=\"true\" class=\"e-font-icon-svg e-eicon-chevron-right\" viewbox=\"0 0 1000 1000\" xmlns=\"http:\/\/www.w3.org\/2000\/svg\"><path d=\"M696 533C708 521 713 504 713 487 713 471 708 454 696 446L400 146C388 133 375 125 354 125 338 125 325 129 313 142 300 154 292 171 292 187 292 204 296 221 308 233L563 492 304 771C292 783 288 800 288 817 288 833 296 850 308 863 321 871 338 875 354 875 371 875 388 867 400 854L696 533Z\"><\/path><\/svg>\t\t\t\t\t\t<\/div>\n\t\t\t\t\t\t\t\t\t\t\t\t\t\t\t\t<div class=\"swiper-pagination\"><\/div>\n\t\t\t\t\t\t\t\t\t\t\t\t<\/div>\n\t\t\t\t<\/div>\n\t\t\t\t\t\t\t\t<\/div>\n\t\t\t\t<\/div>\n\t\t\t\t\t<\/div>\n\t\t\t\t<\/div>\n\t\t\t\t<\/div>","protected":false},"excerpt":{"rendered":"<p>20% OFF TODAY \u2013 DISCOUNT APPLIED AT CHECKOUT PROMO CODE: DOURO20 Indulge in the epitome of luxury with our premium Douro River tour. Cruise the picturesque Douro waters on your exclusive and private boat trip, basking in the beauty of the vineyard-laden landscape, with some old port wine and fine snacks of the region. Relish [&hellip;]<\/p>\n","protected":false},"featured_media":503,"comment_status":"open","ping_status":"closed","template":"","meta":[],"product_brand":[],"product_cat":[23],"product_tag":[],"class_list":{"0":"post-486","1":"product","2":"type-product","3":"status-publish","4":"has-post-thumbnail","6":"product_cat-booking","8":"first","9":"instock","10":"sale","11":"shipping-taxable","12":"purchasable","13":"product-type-variable"},"jetpack_sharing_enabled":true,"_links":{"self":[{"href":"https:\/\/dourovineyard.com\/pt\/wp-json\/wp\/v2\/product\/486","targetHints":{"allow":["GET"]}}],"collection":[{"href":"https:\/\/dourovineyard.com\/pt\/wp-json\/wp\/v2\/product"}],"about":[{"href":"https:\/\/dourovineyard.com\/pt\/wp-json\/wp\/v2\/types\/product"}],"replies":[{"embeddable":true,"href":"https:\/\/dourovineyard.com\/pt\/wp-json\/wp\/v2\/comments?post=486"}],"version-history":[{"count":17,"href":"https:\/\/dourovineyard.com\/pt\/wp-json\/wp\/v2\/product\/486\/revisions"}],"predecessor-version":[{"id":1930,"href":"https:\/\/dourovineyard.com\/pt\/wp-json\/wp\/v2\/product\/486\/revisions\/1930"}],"wp:featuredmedia":[{"embeddable":true,"href":"https:\/\/dourovineyard.com\/pt\/wp-json\/wp\/v2\/media\/503"}],"wp:attachment":[{"href":"https:\/\/dourovineyard.com\/pt\/wp-json\/wp\/v2\/media?parent=486"}],"wp:term":[{"taxonomy":"product_brand","embeddable":true,"href":"https:\/\/dourovineyard.com\/pt\/wp-json\/wp\/v2\/product_brand?post=486"},{"taxonomy":"product_cat","embeddable":true,"href":"https:\/\/dourovineyard.com\/pt\/wp-json\/wp\/v2\/product_cat?post=486"},{"taxonomy":"product_tag","embeddable":true,"href":"https:\/\/dourovineyard.com\/pt\/wp-json\/wp\/v2\/product_tag?post=486"}],"curies":[{"name":"wp","href":"https:\/\/api.w.org\/{rel}","templated":true}]}}