{"id":622,"date":"2024-04-25T09:41:04","date_gmt":"2024-04-25T09:41:04","guid":{"rendered":"http:\/\/dourovineyard.com\/?page_id=622"},"modified":"2024-05-07T18:47:45","modified_gmt":"2024-05-07T18:47:45","slug":"taylor-made-tour","status":"publish","type":"page","link":"https:\/\/dourovineyard.com\/pt\/our-tours\/taylor-made-tour\/","title":{"rendered":"Tour Personalizado"},"content":{"rendered":"<div data-elementor-type=\"wp-page\" data-elementor-id=\"622\" class=\"elementor elementor-622\" data-elementor-post-type=\"page\">\n\t\t\t\t<div class=\"elementor-element elementor-element-dedb4b1 e-flex e-con-boxed e-con e-parent\" data-id=\"dedb4b1\" data-element_type=\"container\" data-e-type=\"container\" data-settings=\"{&quot;background_background&quot;:&quot;classic&quot;}\">\n\t\t\t\t\t<div class=\"e-con-inner\">\n\t\t<div class=\"elementor-element elementor-element-bc7cedf e-con-full e-flex e-con e-child\" data-id=\"bc7cedf\" data-element_type=\"container\" data-e-type=\"container\">\n\t\t\t\t<div class=\"elementor-element elementor-element-ac8d5f0 elementor-icon-list--layout-inline elementor-align-center elementor-list-item-link-full_width elementor-widget elementor-widget-icon-list\" data-id=\"ac8d5f0\" data-element_type=\"widget\" data-e-type=\"widget\" data-widget_type=\"icon-list.default\">\n\t\t\t\t<div class=\"elementor-widget-container\">\n\t\t\t\t\t\t\t<ul class=\"elementor-icon-list-items elementor-inline-items\">\n\t\t\t\t\t\t\t<li class=\"elementor-icon-list-item elementor-inline-item\">\n\t\t\t\t\t\t\t\t\t\t\t<a href=\"\/pt\/\">\n\n\t\t\t\t\t\t\t\t\t\t\t<span class=\"elementor-icon-list-text\">P\u00e1gina Inicial<\/span>\n\t\t\t\t\t\t\t\t\t\t\t<\/a>\n\t\t\t\t\t\t\t\t\t<\/li>\n\t\t\t\t\t\t\t\t<li class=\"elementor-icon-list-item elementor-inline-item\">\n\t\t\t\t\t\t\t\t\t\t\t<span class=\"elementor-icon-list-icon\">\n\t\t\t\t\t\t\t<svg xmlns=\"http:\/\/www.w3.org\/2000\/svg\" xmlns:xlink=\"http:\/\/www.w3.org\/1999\/xlink\" height=\"800px\" width=\"800px\" id=\"Capa_1\" viewbox=\"0 0 185.34 185.34\" xml:space=\"preserve\" fill=\"#ffffff\" stroke=\"#ffffff\" stroke-width=\"0.00185343\"><g id=\"SVGRepo_bgCarrier\" stroke-width=\"0\"><\/g><g id=\"SVGRepo_tracerCarrier\" stroke-linecap=\"round\" stroke-linejoin=\"round\"><\/g><g id=\"SVGRepo_iconCarrier\"> <g> <g> <path style=\"fill:#ffffff;\" d=\"M51.707,185.343c-2.741,0-5.493-1.044-7.593-3.149c-4.194-4.194-4.194-10.981,0-15.175 l74.352-74.347L44.114,18.32c-4.194-4.194-4.194-10.987,0-15.175c4.194-4.194,10.987-4.194,15.18,0l81.934,81.934 c4.194,4.194,4.194,10.987,0,15.175l-81.934,81.939C57.201,184.293,54.454,185.343,51.707,185.343z\"><\/path> <\/g> <\/g> <\/g><\/svg>\t\t\t\t\t\t<\/span>\n\t\t\t\t\t\t\t\t\t\t<span class=\"elementor-icon-list-text\"><\/span>\n\t\t\t\t\t\t\t\t\t<\/li>\n\t\t\t\t\t\t<\/ul>\n\t\t\t\t\t\t<\/div>\n\t\t\t\t<\/div>\n\t\t\t\t<\/div>\n\t\t\t\t\t<\/div>\n\t\t\t\t<\/div>\n\t\t<div class=\"elementor-element elementor-element-d1f6ddb e-flex e-con-boxed e-con e-parent\" data-id=\"d1f6ddb\" data-element_type=\"container\" data-e-type=\"container\">\n\t\t\t\t\t<div class=\"e-con-inner\">\n\t\t<div class=\"elementor-element elementor-element-caee2c4 e-con-full e-flex e-con e-child\" data-id=\"caee2c4\" data-element_type=\"container\" data-e-type=\"container\">\n\t\t\t\t<div class=\"elementor-element elementor-element-2b561a6 elementor-widget elementor-widget-heading\" data-id=\"2b561a6\" data-element_type=\"widget\" data-e-type=\"widget\" data-widget_type=\"heading.default\">\n\t\t\t\t<div class=\"elementor-widget-container\">\n\t\t\t\t\t<h4 class=\"elementor-heading-title elementor-size-default\">Descri\u00e7\u00e3o do Tour<\/h4>\t\t\t\t<\/div>\n\t\t\t\t<\/div>\n\t\t\t\t<div class=\"elementor-element elementor-element-95d000e elementor-widget elementor-widget-text-editor\" data-id=\"95d000e\" data-element_type=\"widget\" data-e-type=\"widget\" data-widget_type=\"text-editor.default\">\n\t\t\t\t<div class=\"elementor-widget-container\">\n\t\t\t\t\t\t\t\t\t<p>Num mundo em r\u00e1pida evolu\u00e7\u00e3o, com demandas infinitas, criamos um tour especificamente adaptado aos nossos clientes. Selecionamos cuidadosamente uma variedade de marcos hist\u00f3ricos que acreditamos que valem a pena explorar e servem como pontos de refer\u00eancia importantes. No entanto, o nosso tour \u00e9 verdadeiramente personaliz\u00e1vel, permitindo aos nossos clientes a liberdade de escolher os seus destinos preferidos com base nos seus interesses pessoais. A nossa equipa dedicada ent\u00e3o criar\u00e1 um itiner\u00e1rio personalizado e fornecer\u00e1 um or\u00e7amento detalhado em conformidade. O nosso objetivo final \u00e9 criar experi\u00eancias inesquec\u00edveis que se afastam do convencional, atendendo a indiv\u00edduos diversos e \u00e0s suas prefer\u00eancias \u00fanicas.<\/p>\t\t\t\t\t\t\t\t<\/div>\n\t\t\t\t<\/div>\n\t\t\t\t<div class=\"elementor-element elementor-element-98b75ec elementor-widget elementor-widget-heading\" data-id=\"98b75ec\" data-element_type=\"widget\" data-e-type=\"widget\" data-widget_type=\"heading.default\">\n\t\t\t\t<div class=\"elementor-widget-container\">\n\t\t\t\t\t<h2 class=\"elementor-heading-title elementor-size-default\"><a href=\"http:\/\/dourovineyard.com\/wp-content\/uploads\/2024\/05\/Catalogo-Douro-Vineyard-1.pdf\">INFORMA\u00c7\u00c3O MAIS DETALHADA NO NOSSO CAT\u00c1LOGO<\/a><\/h2>\t\t\t\t<\/div>\n\t\t\t\t<\/div>\n\t\t\t\t<div class=\"elementor-element elementor-element-f513bc8 elementor-widget elementor-widget-button\" data-id=\"f513bc8\" data-element_type=\"widget\" data-e-type=\"widget\" data-widget_type=\"button.default\">\n\t\t\t\t<div class=\"elementor-widget-container\">\n\t\t\t\t\t\t\t\t\t<div class=\"elementor-button-wrapper\">\n\t\t\t\t\t<a class=\"elementor-button elementor-button-link elementor-size-sm\" href=\"http:\/\/dourovineyard.com\/pt\/contact-us\/\">\n\t\t\t\t\t\t<span class=\"elementor-button-content-wrapper\">\n\t\t\t\t\t\t\t\t\t<span class=\"elementor-button-text\">Envie-nos um email<\/span>\n\t\t\t\t\t<\/span>\n\t\t\t\t\t<\/a>\n\t\t\t\t<\/div>\n\t\t\t\t\t\t\t\t<\/div>\n\t\t\t\t<\/div>\n\t\t\t\t<\/div>\n\t\t\t\t\t<\/div>\n\t\t\t\t<\/div>\n\t\t\t\t<\/div>","protected":false},"excerpt":{"rendered":"<p>Home Tour Description In a rapidly evolving world with endless demands, we have crafted a tour specifically tailored to our clients. We have carefully selected a range of historical landmarks that we believe are worth exploring and serve as key points of reference. However, our tour is truly customizable, allowing our clients the freedom to [&hellip;]<\/p>\n","protected":false},"author":2,"featured_media":0,"parent":15,"menu_order":0,"comment_status":"closed","ping_status":"closed","template":"elementor_header_footer","meta":{"footnotes":""},"class_list":["post-622","page","type-page","status-publish","hentry"],"jetpack_sharing_enabled":true,"_links":{"self":[{"href":"https:\/\/dourovineyard.com\/pt\/wp-json\/wp\/v2\/pages\/622","targetHints":{"allow":["GET"]}}],"collection":[{"href":"https:\/\/dourovineyard.com\/pt\/wp-json\/wp\/v2\/pages"}],"about":[{"href":"https:\/\/dourovineyard.com\/pt\/wp-json\/wp\/v2\/types\/page"}],"author":[{"embeddable":true,"href":"https:\/\/dourovineyard.com\/pt\/wp-json\/wp\/v2\/users\/2"}],"replies":[{"embeddable":true,"href":"https:\/\/dourovineyard.com\/pt\/wp-json\/wp\/v2\/comments?post=622"}],"version-history":[{"count":40,"href":"https:\/\/dourovineyard.com\/pt\/wp-json\/wp\/v2\/pages\/622\/revisions"}],"predecessor-version":[{"id":878,"href":"https:\/\/dourovineyard.com\/pt\/wp-json\/wp\/v2\/pages\/622\/revisions\/878"}],"up":[{"embeddable":true,"href":"https:\/\/dourovineyard.com\/pt\/wp-json\/wp\/v2\/pages\/15"}],"wp:attachment":[{"href":"https:\/\/dourovineyard.com\/pt\/wp-json\/wp\/v2\/media?parent=622"}],"curies":[{"name":"wp","href":"https:\/\/api.w.org\/{rel}","templated":true}]}}