{"id":12,"date":"2024-04-16T18:22:29","date_gmt":"2024-04-16T18:22:29","guid":{"rendered":"http:\/\/dourovineyard.com\/?page_id=12"},"modified":"2024-05-11T20:09:07","modified_gmt":"2024-05-11T20:09:07","slug":"about-us","status":"publish","type":"page","link":"https:\/\/dourovineyard.com\/pt\/about-us\/","title":{"rendered":"Sobre N\u00f3s"},"content":{"rendered":"<div data-elementor-type=\"wp-page\" data-elementor-id=\"12\" class=\"elementor elementor-12\" data-elementor-post-type=\"page\">\n\t\t\t\t<div class=\"elementor-element elementor-element-89d2865 e-flex e-con-boxed e-con e-parent\" data-id=\"89d2865\" data-element_type=\"container\" data-e-type=\"container\" data-settings=\"{&quot;background_background&quot;:&quot;classic&quot;}\">\n\t\t\t\t\t<div class=\"e-con-inner\">\n\t\t<div class=\"elementor-element elementor-element-36815af e-con-full e-flex e-con e-child\" data-id=\"36815af\" data-element_type=\"container\" data-e-type=\"container\">\n\t\t\t\t<div class=\"elementor-element elementor-element-ae2a2aa elementor-icon-list--layout-inline elementor-align-center elementor-list-item-link-full_width elementor-widget elementor-widget-icon-list\" data-id=\"ae2a2aa\" data-element_type=\"widget\" data-e-type=\"widget\" data-widget_type=\"icon-list.default\">\n\t\t\t\t<div class=\"elementor-widget-container\">\n\t\t\t\t\t\t\t<ul class=\"elementor-icon-list-items elementor-inline-items\">\n\t\t\t\t\t\t\t<li class=\"elementor-icon-list-item elementor-inline-item\">\n\t\t\t\t\t\t\t\t\t\t\t<a href=\"\/pt\/\">\n\n\t\t\t\t\t\t\t\t\t\t\t<span class=\"elementor-icon-list-text\">P\u00e1gina Inicial<\/span>\n\t\t\t\t\t\t\t\t\t\t\t<\/a>\n\t\t\t\t\t\t\t\t\t<\/li>\n\t\t\t\t\t\t\t\t<li class=\"elementor-icon-list-item elementor-inline-item\">\n\t\t\t\t\t\t\t\t\t\t\t<span class=\"elementor-icon-list-icon\">\n\t\t\t\t\t\t\t<svg xmlns=\"http:\/\/www.w3.org\/2000\/svg\" xmlns:xlink=\"http:\/\/www.w3.org\/1999\/xlink\" height=\"800px\" width=\"800px\" id=\"Capa_1\" viewbox=\"0 0 185.34 185.34\" xml:space=\"preserve\" fill=\"#ffffff\" stroke=\"#ffffff\" stroke-width=\"0.00185343\"><g id=\"SVGRepo_bgCarrier\" stroke-width=\"0\"><\/g><g id=\"SVGRepo_tracerCarrier\" stroke-linecap=\"round\" stroke-linejoin=\"round\"><\/g><g id=\"SVGRepo_iconCarrier\"> <g> <g> <path style=\"fill:#ffffff;\" d=\"M51.707,185.343c-2.741,0-5.493-1.044-7.593-3.149c-4.194-4.194-4.194-10.981,0-15.175 l74.352-74.347L44.114,18.32c-4.194-4.194-4.194-10.987,0-15.175c4.194-4.194,10.987-4.194,15.18,0l81.934,81.934 c4.194,4.194,4.194,10.987,0,15.175l-81.934,81.939C57.201,184.293,54.454,185.343,51.707,185.343z\"><\/path> <\/g> <\/g> <\/g><\/svg>\t\t\t\t\t\t<\/span>\n\t\t\t\t\t\t\t\t\t\t<span class=\"elementor-icon-list-text\"><\/span>\n\t\t\t\t\t\t\t\t\t<\/li>\n\t\t\t\t\t\t<\/ul>\n\t\t\t\t\t\t<\/div>\n\t\t\t\t<\/div>\n\t\t\t\t<\/div>\n\t\t\t\t\t<\/div>\n\t\t\t\t<\/div>\n\t\t<div class=\"elementor-element elementor-element-29a73da e-flex e-con-boxed e-con e-parent\" data-id=\"29a73da\" data-element_type=\"container\" data-e-type=\"container\">\n\t\t\t\t\t<div class=\"e-con-inner\">\n\t\t<div class=\"elementor-element elementor-element-3faea52 e-flex e-con-boxed e-con e-child\" data-id=\"3faea52\" data-element_type=\"container\" data-e-type=\"container\">\n\t\t\t\t\t<div class=\"e-con-inner\">\n\t\t\t\t<div class=\"elementor-element elementor-element-b9e47eb elementor-widget elementor-widget-heading\" data-id=\"b9e47eb\" data-element_type=\"widget\" data-e-type=\"widget\" data-widget_type=\"heading.default\">\n\t\t\t\t<div class=\"elementor-widget-container\">\n\t\t\t\t\t<h2 class=\"elementor-heading-title elementor-size-default\">Douro Vineyard<\/h2>\t\t\t\t<\/div>\n\t\t\t\t<\/div>\n\t\t\t\t<div class=\"elementor-element elementor-element-783340f elementor-widget elementor-widget-text-editor\" data-id=\"783340f\" data-element_type=\"widget\" data-e-type=\"widget\" data-widget_type=\"text-editor.default\">\n\t\t\t\t<div class=\"elementor-widget-container\">\n\t\t\t\t\t\t\t\t\t<p>A Douro Vineyard \u00e9 uma startup recente criada por dois jovens empreendedores localizada no Norte do pa\u00eds dedicada \u00e0 promo\u00e7\u00e3o de tours sustent\u00e1veis na regi\u00e3o vin\u00edcola do Alto Douro, considerada Patrim\u00f3nio Mundial da UNESCO. Os tours t\u00eam um elevado componente ecol\u00f3gico, envolvendo visitas a entidades relacionadas com a hist\u00f3ria e costumes da regi\u00e3o, como produ\u00e7\u00e3o de azeite, vinho, cer\u00e2mica, entre outros, bem como patrim\u00f3nio arqueol\u00f3gico, focando no p\u00fablico-alvo que prioriza o ecoturismo. Atualmente, a Douro Vineyard comercializa principalmente tours na regi\u00e3o do Alto Douro, uma regi\u00e3o com uma forte diversidade de habitats e ecossistemas e simultaneamente com uma cultura local de caracter\u00edsticas \u00fanicas. Consciente da necessidade de preservar o territ\u00f3rio e os ecossistemas, a empresa desenvolve tours com uma s\u00e9rie de a\u00e7\u00f5es direcionadas para:<\/p><p>Turismo Respons\u00e1vel \u2013 Os guias que acompanham o grupo respeitam os espa\u00e7os naturais e culturais, percorrendo trilhos designados e garantindo que nenhum lixo fica para tr\u00e1s.<\/p><p>Transporte Sustent\u00e1vel - Utiliza\u00e7\u00e3o de uma frota maioritariamente el\u00e9trica nas viagens, minimizando os impactos ambientais causados pela combust\u00e3o. Em alguns tours, \u00e9 utilizado transporte p\u00fablico como o comboio (com uma vista incr\u00edvel da encosta do Douro), e em outros, s\u00e3o usadas bicicletas (em parceria).<\/p><p>Parceiros Sustent\u00e1veis - Os parceiros selecionados para as atividades inclu\u00eddas nos tours devem demonstrar pr\u00e1ticas ambientais que contribuem para a transi\u00e7\u00e3o clim\u00e1tica, incluindo efici\u00eancia energ\u00e9tica, materiais ecol\u00f3gicos e gest\u00e3o respons\u00e1vel da \u00e1gua.<span style=\"color: var( --e-global-color-text ); font-family: var( --e-global-typography-text-font-family ), Sans-serif; font-weight: var( --e-global-typography-text-font-weight ); text-align: var(--text-align);\"><br \/><\/span><\/p><p><span style=\"color: var( --e-global-color-text ); font-family: var( --e-global-typography-text-font-family ), Sans-serif; font-weight: var( --e-global-typography-text-font-weight ); text-align: var(--text-align);\">Proximidade com a Comunidade - Os tours incluem visitas e participa\u00e7\u00e3o em peregrina\u00e7\u00f5es e eventos t\u00edpicos das regi\u00f5es circundantes do Douro, promovendo os costumes e produtos naturais e sustent\u00e1veis da regi\u00e3o.<\/span><\/p><p>Estas atividades s\u00e3o apenas poss\u00edveis gra\u00e7as \u00e0 realiza\u00e7\u00e3o de parcerias estrat\u00e9gicas com cooperativas e grupos locais, que permitem aos turistas participar diretamente na produ\u00e7\u00e3o, processamento e venda de produtos, tanto agr\u00edcolas como artesanais, e com entidades que promovem workshops de culin\u00e1ria tradicional, artesanato e t\u00e9cnicas agr\u00edcolas e pecu\u00e1rias sustent\u00e1veis.\u00a0<\/p><p>Sede: Porto, Portugal\u00a0<\/p><p>Uni\u00e3o das freguesias de Lordelo do Ouro e Massarelos, Norte.<\/p>\t\t\t\t\t\t\t\t<\/div>\n\t\t\t\t<\/div>\n\t\t\t\t\t<\/div>\n\t\t\t\t<\/div>\n\t\t\t\t\t<\/div>\n\t\t\t\t<\/div>\n\t\t<div class=\"elementor-element elementor-element-0410cb6 e-flex e-con-boxed e-con e-parent\" data-id=\"0410cb6\" data-element_type=\"container\" data-e-type=\"container\" data-settings=\"{&quot;background_background&quot;:&quot;classic&quot;}\">\n\t\t\t\t\t<div class=\"e-con-inner\">\n\t\t<div class=\"elementor-element elementor-element-dbd0ac7 e-flex e-con-boxed e-con e-child\" data-id=\"dbd0ac7\" data-element_type=\"container\" data-e-type=\"container\">\n\t\t\t\t\t<div class=\"e-con-inner\">\n\t\t\t\t<div class=\"elementor-element elementor-element-945fae9 elementor-widget elementor-widget-heading\" data-id=\"945fae9\" data-element_type=\"widget\" data-e-type=\"widget\" data-widget_type=\"heading.default\">\n\t\t\t\t<div class=\"elementor-widget-container\">\n\t\t\t\t\t<h2 class=\"elementor-heading-title elementor-size-default\">Os Nossos Parceiros<\/h2>\t\t\t\t<\/div>\n\t\t\t\t<\/div>\n\t\t\t\t\t<\/div>\n\t\t\t\t<\/div>\n\t\t<div class=\"elementor-element elementor-element-f1673f6 e-grid e-con-boxed e-con e-child\" data-id=\"f1673f6\" data-element_type=\"container\" data-e-type=\"container\">\n\t\t\t\t\t<div class=\"e-con-inner\">\n\t\t<div class=\"elementor-element elementor-element-27ebba0 e-flex e-con-boxed e-con e-child\" data-id=\"27ebba0\" data-element_type=\"container\" data-e-type=\"container\" data-settings=\"{&quot;background_background&quot;:&quot;classic&quot;}\">\n\t\t\t\t\t<div class=\"e-con-inner\">\n\t\t\t\t<div class=\"elementor-element elementor-element-78d5f55 elementor-widget elementor-widget-image\" data-id=\"78d5f55\" data-element_type=\"widget\" data-e-type=\"widget\" data-widget_type=\"image.default\">\n\t\t\t\t<div class=\"elementor-widget-container\">\n\t\t\t\t\t\t\t\t\t\t\t\t\t\t\t<img fetchpriority=\"high\" decoding=\"async\" width=\"225\" height=\"225\" src=\"https:\/\/dourovineyard.com\/wp-content\/uploads\/2024\/05\/Image20240502233100.jpg\" class=\"attachment-full size-full wp-image-718\" alt=\"\" srcset=\"https:\/\/dourovineyard.com\/wp-content\/uploads\/2024\/05\/Image20240502233100.jpg 225w, https:\/\/dourovineyard.com\/wp-content\/uploads\/2024\/05\/Image20240502233100-100x100.jpg 100w, https:\/\/dourovineyard.com\/wp-content\/uploads\/2024\/05\/Image20240502233100-150x150.jpg 150w\" sizes=\"(max-width: 225px) 100vw, 225px\" \/>\t\t\t\t\t\t\t\t\t\t\t\t\t\t\t<\/div>\n\t\t\t\t<\/div>\n\t\t\t\t\t<\/div>\n\t\t\t\t<\/div>\n\t\t<div class=\"elementor-element elementor-element-a6949df e-flex e-con-boxed e-con e-child\" data-id=\"a6949df\" data-element_type=\"container\" data-e-type=\"container\" data-settings=\"{&quot;background_background&quot;:&quot;classic&quot;}\">\n\t\t\t\t\t<div class=\"e-con-inner\">\n\t\t\t\t<div class=\"elementor-element elementor-element-20be5bf elementor-widget elementor-widget-image\" data-id=\"20be5bf\" data-element_type=\"widget\" data-e-type=\"widget\" data-widget_type=\"image.default\">\n\t\t\t\t<div class=\"elementor-widget-container\">\n\t\t\t\t\t\t\t\t\t\t\t\t\t\t\t<img decoding=\"async\" width=\"866\" height=\"650\" src=\"https:\/\/dourovineyard.com\/wp-content\/uploads\/2024\/05\/Image20240502233208.jpg\" class=\"attachment-full size-full wp-image-719\" alt=\"\" srcset=\"https:\/\/dourovineyard.com\/wp-content\/uploads\/2024\/05\/Image20240502233208.jpg 866w, https:\/\/dourovineyard.com\/wp-content\/uploads\/2024\/05\/Image20240502233208-600x450.jpg 600w, https:\/\/dourovineyard.com\/wp-content\/uploads\/2024\/05\/Image20240502233208-300x225.jpg 300w, https:\/\/dourovineyard.com\/wp-content\/uploads\/2024\/05\/Image20240502233208-768x576.jpg 768w\" sizes=\"(max-width: 866px) 100vw, 866px\" \/>\t\t\t\t\t\t\t\t\t\t\t\t\t\t\t<\/div>\n\t\t\t\t<\/div>\n\t\t\t\t\t<\/div>\n\t\t\t\t<\/div>\n\t\t<div class=\"elementor-element elementor-element-75e46be e-flex e-con-boxed e-con e-child\" data-id=\"75e46be\" data-element_type=\"container\" data-e-type=\"container\" data-settings=\"{&quot;background_background&quot;:&quot;classic&quot;}\">\n\t\t\t\t\t<div class=\"e-con-inner\">\n\t\t\t\t<div class=\"elementor-element elementor-element-ab7f0ff elementor-widget elementor-widget-image\" data-id=\"ab7f0ff\" data-element_type=\"widget\" data-e-type=\"widget\" data-widget_type=\"image.default\">\n\t\t\t\t<div class=\"elementor-widget-container\">\n\t\t\t\t\t\t\t\t\t\t\t\t\t\t\t<img decoding=\"async\" width=\"2087\" height=\"1786\" src=\"https:\/\/dourovineyard.com\/wp-content\/uploads\/2024\/05\/Image20240502233214.png\" class=\"attachment-full size-full wp-image-720\" alt=\"\" srcset=\"https:\/\/dourovineyard.com\/wp-content\/uploads\/2024\/05\/Image20240502233214.png 2087w, https:\/\/dourovineyard.com\/wp-content\/uploads\/2024\/05\/Image20240502233214-600x513.png 600w, https:\/\/dourovineyard.com\/wp-content\/uploads\/2024\/05\/Image20240502233214-300x257.png 300w, https:\/\/dourovineyard.com\/wp-content\/uploads\/2024\/05\/Image20240502233214-1024x876.png 1024w, https:\/\/dourovineyard.com\/wp-content\/uploads\/2024\/05\/Image20240502233214-768x657.png 768w, https:\/\/dourovineyard.com\/wp-content\/uploads\/2024\/05\/Image20240502233214-1536x1314.png 1536w, https:\/\/dourovineyard.com\/wp-content\/uploads\/2024\/05\/Image20240502233214-2048x1753.png 2048w\" sizes=\"(max-width: 2087px) 100vw, 2087px\" \/>\t\t\t\t\t\t\t\t\t\t\t\t\t\t\t<\/div>\n\t\t\t\t<\/div>\n\t\t\t\t\t<\/div>\n\t\t\t\t<\/div>\n\t\t<div class=\"elementor-element elementor-element-dfab4e0 e-flex e-con-boxed e-con e-child\" data-id=\"dfab4e0\" data-element_type=\"container\" data-e-type=\"container\" data-settings=\"{&quot;background_background&quot;:&quot;classic&quot;}\">\n\t\t\t\t\t<div class=\"e-con-inner\">\n\t\t\t\t<div class=\"elementor-element elementor-element-2ee0eab elementor-widget elementor-widget-image\" data-id=\"2ee0eab\" data-element_type=\"widget\" data-e-type=\"widget\" data-widget_type=\"image.default\">\n\t\t\t\t<div class=\"elementor-widget-container\">\n\t\t\t\t\t\t\t\t\t\t\t\t\t\t\t<img loading=\"lazy\" decoding=\"async\" width=\"200\" height=\"200\" src=\"https:\/\/dourovineyard.com\/wp-content\/uploads\/2024\/05\/Image20240502233217.jpg\" class=\"attachment-full size-full wp-image-721\" alt=\"\" srcset=\"https:\/\/dourovineyard.com\/wp-content\/uploads\/2024\/05\/Image20240502233217.jpg 200w, https:\/\/dourovineyard.com\/wp-content\/uploads\/2024\/05\/Image20240502233217-100x100.jpg 100w, https:\/\/dourovineyard.com\/wp-content\/uploads\/2024\/05\/Image20240502233217-150x150.jpg 150w\" sizes=\"(max-width: 200px) 100vw, 200px\" \/>\t\t\t\t\t\t\t\t\t\t\t\t\t\t\t<\/div>\n\t\t\t\t<\/div>\n\t\t\t\t\t<\/div>\n\t\t\t\t<\/div>\n\t\t\t\t\t<\/div>\n\t\t\t\t<\/div>\n\t\t\t\t\t<\/div>\n\t\t\t\t<\/div>\n\t\t\t\t<\/div>","protected":false},"excerpt":{"rendered":"<p>Home Douro vineyard Douro Vineyard is a recent startup founded by two young entrepreneurs located in the North of the country dedicated to promoting sustainable tours in the Alto Douro wine region, considered a UNESCO World Heritage Site, through the brand Douro Vineyard. The tours have a high ecological component, involving visits to entities related [&hellip;]<\/p>\n","protected":false},"author":2,"featured_media":0,"parent":0,"menu_order":0,"comment_status":"closed","ping_status":"closed","template":"elementor_header_footer","meta":{"footnotes":""},"class_list":["post-12","page","type-page","status-publish","hentry"],"jetpack_sharing_enabled":true,"_links":{"self":[{"href":"https:\/\/dourovineyard.com\/pt\/wp-json\/wp\/v2\/pages\/12","targetHints":{"allow":["GET"]}}],"collection":[{"href":"https:\/\/dourovineyard.com\/pt\/wp-json\/wp\/v2\/pages"}],"about":[{"href":"https:\/\/dourovineyard.com\/pt\/wp-json\/wp\/v2\/types\/page"}],"author":[{"embeddable":true,"href":"https:\/\/dourovineyard.com\/pt\/wp-json\/wp\/v2\/users\/2"}],"replies":[{"embeddable":true,"href":"https:\/\/dourovineyard.com\/pt\/wp-json\/wp\/v2\/comments?post=12"}],"version-history":[{"count":54,"href":"https:\/\/dourovineyard.com\/pt\/wp-json\/wp\/v2\/pages\/12\/revisions"}],"predecessor-version":[{"id":927,"href":"https:\/\/dourovineyard.com\/pt\/wp-json\/wp\/v2\/pages\/12\/revisions\/927"}],"wp:attachment":[{"href":"https:\/\/dourovineyard.com\/pt\/wp-json\/wp\/v2\/media?parent=12"}],"curies":[{"name":"wp","href":"https:\/\/api.w.org\/{rel}","templated":true}]}}